{"id":65,"date":"2016-02-19T11:07:16","date_gmt":"2016-02-19T10:07:16","guid":{"rendered":"https:\/\/softreportblog.wordpress.com\/?page_id=65"},"modified":"2016-02-19T11:07:16","modified_gmt":"2016-02-19T10:07:16","slug":"expertise-metier","status":"publish","type":"page","link":"http:\/\/www.softreport.fr\/index.php\/expertise-metier\/","title":{"rendered":"Expertise m\u00e9tier"},"content":{"rendered":"<p style=\"text-align:justify;\">\n<p style=\"text-align:justify;\">Chez SoftReport, nous avons la conviction que les expertises ne sont pas concentr\u00e9es au sommet de la pyramide, mais toujours locales.<\/p>\n<p style=\"text-align:justify;\">Pr\u00e9voir, c\u2019est d\u2019abord se frotter \u00e0 la r\u00e9alit\u00e9 des m\u00e9tiers et des processus, plonger au c\u0153ur des m\u00e9canismes de la performance.<\/p>\n<p style=\"text-align:justify;\">Les consultants de SoftReport sont form\u00e9s \u00e0 cette exigence. Par vocation, les mod\u00e8les pr\u00e9visionnels ne sont pas d\u00e9finitifs : nous encourageons des processus it\u00e9ratifs, facteurs de changement et de formation, partant du principe qu\u2019en gestion comme ailleurs, une v\u00e9rit\u00e9 est toujours une erreur corrig\u00e9e.<\/p>\n","protected":false},"excerpt":{"rendered":"<p>Chez SoftReport, nous avons la conviction que les expertises ne sont pas concentr\u00e9es au sommet de la pyramide, mais toujours locales. Pr\u00e9voir, c\u2019est d\u2019abord se frotter \u00e0 la r\u00e9alit\u00e9 des m\u00e9tiers et des processus, plonger au c\u0153ur des m\u00e9canismes de la performance. Les consultants de SoftReport sont form\u00e9s \u00e0 cette exigence. Par vocation, les mod\u00e8les [&hellip;]<\/p>\n","protected":false},"author":1,"featured_media":0,"parent":0,"menu_order":0,"comment_status":"closed","ping_status":"closed","template":"","meta":{"footnotes":""},"class_list":["post-65","page","type-page","status-publish","hentry"],"_links":{"self":[{"href":"http:\/\/www.softreport.fr\/index.php\/wp-json\/wp\/v2\/pages\/65","targetHints":{"allow":["GET"]}}],"collection":[{"href":"http:\/\/www.softreport.fr\/index.php\/wp-json\/wp\/v2\/pages"}],"about":[{"href":"http:\/\/www.softreport.fr\/index.php\/wp-json\/wp\/v2\/types\/page"}],"author":[{"embeddable":true,"href":"http:\/\/www.softreport.fr\/index.php\/wp-json\/wp\/v2\/users\/1"}],"replies":[{"embeddable":true,"href":"http:\/\/www.softreport.fr\/index.php\/wp-json\/wp\/v2\/comments?post=65"}],"version-history":[{"count":0,"href":"http:\/\/www.softreport.fr\/index.php\/wp-json\/wp\/v2\/pages\/65\/revisions"}],"wp:attachment":[{"href":"http:\/\/www.softreport.fr\/index.php\/wp-json\/wp\/v2\/media?parent=65"}],"curies":[{"name":"wp","href":"https:\/\/api.w.org\/{rel}","templated":true}]}}