{"id":50,"date":"2016-02-19T10:54:15","date_gmt":"2016-02-19T09:54:15","guid":{"rendered":"https:\/\/softreportblog.wordpress.com\/?page_id=50"},"modified":"2019-06-06T10:58:52","modified_gmt":"2019-06-06T09:58:52","slug":"xelos","status":"publish","type":"page","link":"http:\/\/www.softreport.fr\/index.php\/xelos\/","title":{"rendered":"Xelos"},"content":{"rendered":"<p style=\"text-align: justify;\">Le logiciel XELOS tire parti de la s\u00e9curit\u00e9 de SQL Server, de la puissance d\u2019OLAP et de la souplesse des interfaces EXCEL.<\/p>\n<p style=\"text-align: justify;\">Propice \u00e0 l\u2019administration de gros volumes de donn\u00e9es et adapt\u00e9 \u00e0 des structures d\u00e9centralis\u00e9es, il permet de traiter avec une incontestable efficacit\u00e9 la majorit\u00e9 des probl\u00e9matiques d\u00e9cisionnelles, du reporting aux plans strat\u00e9giques sans oublier les budgets.<\/p>\n<p style=\"text-align: justify;\">Xelos propose notamment une voie nouvelle pour relier les probl\u00e9matiques souvent discontinues du plan \u00e0 moyen terme et des budgets, et favorise le d\u00e9bat entre interlocuteurs op\u00e9rationnels et financiers. Par son ergonomie conviviale, son \u00e9volutivit\u00e9 garantie par des mod\u00e8les facilement appropriables et un temps d&rsquo;implantation court, XELOS permet \u00e0 l&rsquo;entreprise de faire rapidement rimer prospective avec performance et r\u00e9activit\u00e9.<\/p>\n<p style=\"text-align: justify;\"><img loading=\"lazy\" decoding=\"async\" class=\"alignnone size-full wp-image-53\" src=\"http:\/\/www.softreport.fr\/wp-content\/uploads\/2016\/02\/schemaxelos.jpg\" alt=\"SchemaXelos\" width=\"755\" height=\"500\" srcset=\"http:\/\/www.softreport.fr\/wp-content\/uploads\/2016\/02\/schemaxelos.jpg 755w, http:\/\/www.softreport.fr\/wp-content\/uploads\/2016\/02\/schemaxelos-300x199.jpg 300w\" sizes=\"auto, (max-width: 755px) 100vw, 755px\" \/><\/p>\n<h6 style=\"text-align: right;\"><\/h6>\n","protected":false},"excerpt":{"rendered":"<p>Le logiciel XELOS tire parti de la s\u00e9curit\u00e9 de SQL Server, de la puissance d\u2019OLAP et de la souplesse des interfaces EXCEL. Propice \u00e0 l\u2019administration de gros volumes de donn\u00e9es et adapt\u00e9 \u00e0 des structures d\u00e9centralis\u00e9es, il permet de traiter avec une incontestable efficacit\u00e9 la majorit\u00e9 des probl\u00e9matiques d\u00e9cisionnelles, du reporting aux plans strat\u00e9giques sans [&hellip;]<\/p>\n","protected":false},"author":1,"featured_media":0,"parent":0,"menu_order":0,"comment_status":"closed","ping_status":"closed","template":"","meta":{"footnotes":""},"class_list":["post-50","page","type-page","status-publish","hentry"],"_links":{"self":[{"href":"http:\/\/www.softreport.fr\/index.php\/wp-json\/wp\/v2\/pages\/50","targetHints":{"allow":["GET"]}}],"collection":[{"href":"http:\/\/www.softreport.fr\/index.php\/wp-json\/wp\/v2\/pages"}],"about":[{"href":"http:\/\/www.softreport.fr\/index.php\/wp-json\/wp\/v2\/types\/page"}],"author":[{"embeddable":true,"href":"http:\/\/www.softreport.fr\/index.php\/wp-json\/wp\/v2\/users\/1"}],"replies":[{"embeddable":true,"href":"http:\/\/www.softreport.fr\/index.php\/wp-json\/wp\/v2\/comments?post=50"}],"version-history":[{"count":2,"href":"http:\/\/www.softreport.fr\/index.php\/wp-json\/wp\/v2\/pages\/50\/revisions"}],"predecessor-version":[{"id":1145,"href":"http:\/\/www.softreport.fr\/index.php\/wp-json\/wp\/v2\/pages\/50\/revisions\/1145"}],"wp:attachment":[{"href":"http:\/\/www.softreport.fr\/index.php\/wp-json\/wp\/v2\/media?parent=50"}],"curies":[{"name":"wp","href":"https:\/\/api.w.org\/{rel}","templated":true}]}}