{"id":422,"date":"2016-05-04T07:53:06","date_gmt":"2016-05-04T06:53:06","guid":{"rendered":"http:\/\/www.softreport.fr\/?page_id=422"},"modified":"2016-05-04T07:55:05","modified_gmt":"2016-05-04T06:55:05","slug":"logiciels","status":"publish","type":"page","link":"http:\/\/www.softreport.fr\/index.php\/logiciels\/","title":{"rendered":"Logiciels"},"content":{"rendered":"<p style=\"text-align: justify;\">La soci\u00e9t\u00e9 SoftReport\u00a0a d\u00e9velopp\u00e9 pour elle-m\u00eame et pour ses clients un tr\u00e8s grand nombre de mod\u00e8les financiers dans les domaines des pr\u00e9visions, de l&rsquo;\u00e9valuation et du reporting. Elle utilise pour ce faire les deux logiciels qu&rsquo;elle \u00e9dite :<\/p>\n<ul>\n<li style=\"text-align: justify;\">Ouria : Con\u00e7u d\u00e8s l&rsquo;origine pour r\u00e9pondre aux exigences m\u00e9tiers des directions op\u00e9rationnelles et financi\u00e8res, Ouria\u00a0associe aux qualit\u00e9s de souplesse du tableur, un cadre structur\u00e9 et norm\u00e9 garantissant l&rsquo;\u00e9volutivit\u00e9 et la s\u00e9curit\u00e9 de l&rsquo;information. Tr\u00e8s rapidement op\u00e9rationnel, ce progiciel s&rsquo;adapte aux structures et organisations de toute nature.<\/li>\n<li style=\"text-align: justify;\">Xelos : Destin\u00e9 \u00e0 toute taille d&rsquo;entreprise, Xelos\u00a0int\u00e8gre un DataWarehouse\u00a0support\u00e9 par SQL Server\u00a0et exploit\u00e9 par la technologie OLAP de Microsoft. Il propose notamment une voie nouvelle pour relier les probl\u00e9matiques souvent discontinues du plan \u00e0 moyen terme et des budgets, et favorise le d\u00e9bat entre interlocuteurs op\u00e9rationnels et financiers. Par son ergonomie conviviale, son \u00e9volutivit\u00e9 garantie par des mod\u00e8les facilement appropriables et un temps d&rsquo;implantation court, Xelos\u00a0accompagne, dans la dur\u00e9e, les politiques d&rsquo;am\u00e9lioration de la performance des entreprises et des collectivit\u00e9s.<\/li>\n<\/ul>\n","protected":false},"excerpt":{"rendered":"<p>La soci\u00e9t\u00e9 SoftReport\u00a0a d\u00e9velopp\u00e9 pour elle-m\u00eame et pour ses clients un tr\u00e8s grand nombre de mod\u00e8les financiers dans les domaines des pr\u00e9visions, de l&rsquo;\u00e9valuation et du reporting. Elle utilise pour ce faire les deux logiciels qu&rsquo;elle \u00e9dite : Ouria : Con\u00e7u d\u00e8s l&rsquo;origine pour r\u00e9pondre aux exigences m\u00e9tiers des directions op\u00e9rationnelles et financi\u00e8res, Ouria\u00a0associe aux [&hellip;]<\/p>\n","protected":false},"author":1,"featured_media":0,"parent":0,"menu_order":0,"comment_status":"closed","ping_status":"closed","template":"","meta":{"footnotes":""},"class_list":["post-422","page","type-page","status-publish","hentry"],"_links":{"self":[{"href":"http:\/\/www.softreport.fr\/index.php\/wp-json\/wp\/v2\/pages\/422","targetHints":{"allow":["GET"]}}],"collection":[{"href":"http:\/\/www.softreport.fr\/index.php\/wp-json\/wp\/v2\/pages"}],"about":[{"href":"http:\/\/www.softreport.fr\/index.php\/wp-json\/wp\/v2\/types\/page"}],"author":[{"embeddable":true,"href":"http:\/\/www.softreport.fr\/index.php\/wp-json\/wp\/v2\/users\/1"}],"replies":[{"embeddable":true,"href":"http:\/\/www.softreport.fr\/index.php\/wp-json\/wp\/v2\/comments?post=422"}],"version-history":[{"count":2,"href":"http:\/\/www.softreport.fr\/index.php\/wp-json\/wp\/v2\/pages\/422\/revisions"}],"predecessor-version":[{"id":430,"href":"http:\/\/www.softreport.fr\/index.php\/wp-json\/wp\/v2\/pages\/422\/revisions\/430"}],"wp:attachment":[{"href":"http:\/\/www.softreport.fr\/index.php\/wp-json\/wp\/v2\/media?parent=422"}],"curies":[{"name":"wp","href":"https:\/\/api.w.org\/{rel}","templated":true}]}}