{"id":268,"date":"2016-03-25T18:31:54","date_gmt":"2016-03-25T17:31:54","guid":{"rendered":"http:\/\/softreport.com\/?page_id=268"},"modified":"2016-03-31T16:48:21","modified_gmt":"2016-03-31T15:48:21","slug":"du-sur-mesure-au-pret-a-porter","status":"publish","type":"page","link":"http:\/\/www.softreport.fr\/index.php\/du-sur-mesure-au-pret-a-porter\/","title":{"rendered":"Du sur-mesure au pr\u00eat \u00e0 porter !"},"content":{"rendered":"<p style=\"text-align: justify;\">Nos solutions, \u00e0 partir des moteurs Xelos\u00a9 et Ouria\u00a9 balancent du \u00ab\u00a0sur-mesure personnalisable\u00a0\u00bb au \u00ab\u00a0pr\u00eat \u00e0 porter ouvert\u00a0\u00bb\u00a0! Autrement dit, lorsque vous nous confiez l\u2019\u00e9laboration d\u2019un mod\u00e8le pour une probl\u00e9matique donn\u00e9e, nous le concevons toujours de telle fa\u00e7on qu\u2019il soit lisible et partageable (qualit\u00e9s pr\u00e9-requises en d\u00e9cisionnel\u00a0!), facilement appropriable et bien-s\u00fbr modifiable\u00a0; si vous pr\u00e9f\u00e9rez b\u00e9n\u00e9ficier de solutions \u00e9prouv\u00e9es et reproductibles, vous n\u2019\u00eates pas entrav\u00e9s par un cadre rigide, car des personnalisations sont simplement envisageables\u00a0; si vous souhaitez \u00eatre aux manettes de votre propre mod\u00e9lisation, notamment \u00e0 partir de notre gamme Ouria\u00a9, nous encourageons votre ind\u00e9pendance par une formation initiale et par une disponibilit\u00e9 dans le temps via un appui \u00ab\u00a0assistance et conseil\u00a0\u00bb individualis\u00e9.<\/p>\n<p style=\"text-align: justify;\">SoftReport croit en les vertus de l\u2019apprentissage et de l\u2019intelligence collectifs et nous veillons \u00e0 les partager avec vous.<\/p>\n","protected":false},"excerpt":{"rendered":"<p>Nos solutions, \u00e0 partir des moteurs Xelos\u00a9 et Ouria\u00a9 balancent du \u00ab\u00a0sur-mesure personnalisable\u00a0\u00bb au \u00ab\u00a0pr\u00eat \u00e0 porter ouvert\u00a0\u00bb\u00a0! Autrement dit, lorsque vous nous confiez l\u2019\u00e9laboration d\u2019un mod\u00e8le pour une probl\u00e9matique donn\u00e9e, nous le concevons toujours de telle fa\u00e7on qu\u2019il soit lisible et partageable (qualit\u00e9s pr\u00e9-requises en d\u00e9cisionnel\u00a0!), facilement appropriable et bien-s\u00fbr modifiable\u00a0; si vous pr\u00e9f\u00e9rez [&hellip;]<\/p>\n","protected":false},"author":1,"featured_media":0,"parent":0,"menu_order":0,"comment_status":"closed","ping_status":"closed","template":"","meta":{"footnotes":""},"class_list":["post-268","page","type-page","status-publish","hentry"],"_links":{"self":[{"href":"http:\/\/www.softreport.fr\/index.php\/wp-json\/wp\/v2\/pages\/268","targetHints":{"allow":["GET"]}}],"collection":[{"href":"http:\/\/www.softreport.fr\/index.php\/wp-json\/wp\/v2\/pages"}],"about":[{"href":"http:\/\/www.softreport.fr\/index.php\/wp-json\/wp\/v2\/types\/page"}],"author":[{"embeddable":true,"href":"http:\/\/www.softreport.fr\/index.php\/wp-json\/wp\/v2\/users\/1"}],"replies":[{"embeddable":true,"href":"http:\/\/www.softreport.fr\/index.php\/wp-json\/wp\/v2\/comments?post=268"}],"version-history":[{"count":1,"href":"http:\/\/www.softreport.fr\/index.php\/wp-json\/wp\/v2\/pages\/268\/revisions"}],"predecessor-version":[{"id":329,"href":"http:\/\/www.softreport.fr\/index.php\/wp-json\/wp\/v2\/pages\/268\/revisions\/329"}],"wp:attachment":[{"href":"http:\/\/www.softreport.fr\/index.php\/wp-json\/wp\/v2\/media?parent=268"}],"curies":[{"name":"wp","href":"https:\/\/api.w.org\/{rel}","templated":true}]}}