{"id":239,"date":"2016-03-24T13:19:36","date_gmt":"2016-03-24T12:19:36","guid":{"rendered":"http:\/\/softreport.com\/?page_id=239"},"modified":"2016-03-24T13:19:36","modified_gmt":"2016-03-24T12:19:36","slug":"immobilier-ppp-services-hoteliers","status":"publish","type":"page","link":"http:\/\/www.softreport.fr\/index.php\/immobilier-ppp-services-hoteliers\/","title":{"rendered":"Immobilier, PPP, Services h\u00f4teliers"},"content":{"rendered":"<p style=\"text-align:justify;\">Ce secteur est exemplaire de l\u2019\u00e9tendue et de la diversit\u00e9 de notre spectre d\u2019interventions. Bien-s\u00fbr, notre contribution principale consiste en l\u2019\u00e9laboration de pr\u00e9visions financi\u00e8res, avec une attention particuli\u00e8re, pour les fonci\u00e8res comme pour la promotion, sur les conditions d\u2019optimisation de la rentabilit\u00e9 des op\u00e9rations et des arbitrages. Mais certaines missions sont plus sp\u00e9cifiques comme par exemple des pr\u00e9visions induites par des immeubles ou des filiales immobili\u00e8res \u00e0 statut fiscal variable agr\u00e9g\u00e9es soit dans la vue \u00ab\u00a0soci\u00e9t\u00e9\u00a0\u00bb \u00e0 chacun des \u00e9tages, soit dans une vue consolid\u00e9e. Des gestions de projet ont \u00e9galement \u00e9t\u00e9 mod\u00e9lis\u00e9es, dans une logique de suivi \u00e0 l\u2019avancement d\u2019op\u00e9rations de promotion.<\/p>\n<p style=\"text-align:justify;\">De grands groupes immobiliers ont \u00e9galement fait appel \u00e0 nous pour des activit\u00e9s singuli\u00e8res comme les pr\u00e9visions budg\u00e9taires et pluriannuelles de parkings publics selon les diff\u00e9rentes modalit\u00e9s conventionnelles, ou la mise en application r\u00e9elle de mod\u00e8les contractuels de Partenariats Public Priv\u00e9 (PPP). Il s\u2019agissait ici de transformer les mod\u00e8les initiaux, de longue dur\u00e9e, en mod\u00e8les de suivi respectant les r\u00e8gles contractuelles, mais int\u00e9grant les contingences contextuelles \u2013 les variables \u00e9conomiques varient fortement\u00a0! \u2013 et surtout comptables et gestionnaires.<\/p>\n<p style=\"text-align:justify;\">Dans le secteur des services h\u00f4teliers, une mod\u00e9lisation sur mesure a permis de g\u00e9rer conjointement un outil d\u2019arbitrage pour le d\u00e9veloppement selon notamment les modes de d\u00e9tention \/ gestion et un plan d\u2019affaires interfac\u00e9 avec l\u2019outil de d\u00e9veloppement et qui int\u00e8gre en mode social ou consolid\u00e9 la soci\u00e9t\u00e9 m\u00e8re et les diff\u00e9rentes filiales avec une gestion pr\u00e9visionnelle des devises.<\/p>\n<p style=\"text-align:justify;\"><em>Quelques clients<\/em>\u00a0: Bouygues Immobilier, Exprimm, Effia, BPD Marignan, Adagio, Generali Immobilier, Vinci Park<\/p>\n","protected":false},"excerpt":{"rendered":"<p>Ce secteur est exemplaire de l\u2019\u00e9tendue et de la diversit\u00e9 de notre spectre d\u2019interventions. Bien-s\u00fbr, notre contribution principale consiste en l\u2019\u00e9laboration de pr\u00e9visions financi\u00e8res, avec une attention particuli\u00e8re, pour les fonci\u00e8res comme pour la promotion, sur les conditions d\u2019optimisation de la rentabilit\u00e9 des op\u00e9rations et des arbitrages. Mais certaines missions sont plus sp\u00e9cifiques comme par [&hellip;]<\/p>\n","protected":false},"author":1,"featured_media":0,"parent":0,"menu_order":0,"comment_status":"closed","ping_status":"closed","template":"","meta":{"footnotes":""},"class_list":["post-239","page","type-page","status-publish","hentry"],"_links":{"self":[{"href":"http:\/\/www.softreport.fr\/index.php\/wp-json\/wp\/v2\/pages\/239","targetHints":{"allow":["GET"]}}],"collection":[{"href":"http:\/\/www.softreport.fr\/index.php\/wp-json\/wp\/v2\/pages"}],"about":[{"href":"http:\/\/www.softreport.fr\/index.php\/wp-json\/wp\/v2\/types\/page"}],"author":[{"embeddable":true,"href":"http:\/\/www.softreport.fr\/index.php\/wp-json\/wp\/v2\/users\/1"}],"replies":[{"embeddable":true,"href":"http:\/\/www.softreport.fr\/index.php\/wp-json\/wp\/v2\/comments?post=239"}],"version-history":[{"count":0,"href":"http:\/\/www.softreport.fr\/index.php\/wp-json\/wp\/v2\/pages\/239\/revisions"}],"wp:attachment":[{"href":"http:\/\/www.softreport.fr\/index.php\/wp-json\/wp\/v2\/media?parent=239"}],"curies":[{"name":"wp","href":"https:\/\/api.w.org\/{rel}","templated":true}]}}