{"id":117,"date":"2016-02-19T11:47:00","date_gmt":"2016-02-19T10:47:00","guid":{"rendered":"https:\/\/softreportblog.wordpress.com\/?page_id=117"},"modified":"2016-02-19T11:47:00","modified_gmt":"2016-02-19T10:47:00","slug":"services","status":"publish","type":"page","link":"http:\/\/www.softreport.fr\/index.php\/services\/","title":{"rendered":"Services"},"content":{"rendered":"<h4 style=\"text-align:justify;\"><\/h4>\n<h4 style=\"text-align:justify;\">Des services sur mesure.<\/h4>\n<p style=\"text-align:justify;\">Offrant un service complet de l&rsquo;audit des besoins \u00e0 la formation des utilisateurs, l&rsquo;\u00e9quipe de consultants et d&rsquo;informaticiens de SoftReport\u00a0est enti\u00e8rement d\u00e9di\u00e9e aux besoins des clients, et intervient \u00e0 chaque \u00e9tape du processus d\u00e9cisionnel pour une int\u00e9gration r\u00e9ussie des solutions propos\u00e9es :<\/p>\n<p style=\"text-align:justify;\">Vous souhaitez \u00e9valuer vos besoins et les b\u00e9n\u00e9fices du logiciel ?<\/p>\n<p style=\"text-align:justify;\">Vous ne pouvez pas vous permettre de consacrer trop de temps \u00e0 la mise en place des solutions ?<\/p>\n<p style=\"text-align:justify;\">Vous attendez de nous que nous parlions le m\u00eame langage ?<\/p>\n","protected":false},"excerpt":{"rendered":"<p>Des services sur mesure. Offrant un service complet de l&rsquo;audit des besoins \u00e0 la formation des utilisateurs, l&rsquo;\u00e9quipe de consultants et d&rsquo;informaticiens de SoftReport\u00a0est enti\u00e8rement d\u00e9di\u00e9e aux besoins des clients, et intervient \u00e0 chaque \u00e9tape du processus d\u00e9cisionnel pour une int\u00e9gration r\u00e9ussie des solutions propos\u00e9es : Vous souhaitez \u00e9valuer vos besoins et les b\u00e9n\u00e9fices du [&hellip;]<\/p>\n","protected":false},"author":1,"featured_media":0,"parent":0,"menu_order":0,"comment_status":"closed","ping_status":"closed","template":"","meta":{"footnotes":""},"class_list":["post-117","page","type-page","status-publish","hentry"],"_links":{"self":[{"href":"http:\/\/www.softreport.fr\/index.php\/wp-json\/wp\/v2\/pages\/117","targetHints":{"allow":["GET"]}}],"collection":[{"href":"http:\/\/www.softreport.fr\/index.php\/wp-json\/wp\/v2\/pages"}],"about":[{"href":"http:\/\/www.softreport.fr\/index.php\/wp-json\/wp\/v2\/types\/page"}],"author":[{"embeddable":true,"href":"http:\/\/www.softreport.fr\/index.php\/wp-json\/wp\/v2\/users\/1"}],"replies":[{"embeddable":true,"href":"http:\/\/www.softreport.fr\/index.php\/wp-json\/wp\/v2\/comments?post=117"}],"version-history":[{"count":0,"href":"http:\/\/www.softreport.fr\/index.php\/wp-json\/wp\/v2\/pages\/117\/revisions"}],"wp:attachment":[{"href":"http:\/\/www.softreport.fr\/index.php\/wp-json\/wp\/v2\/media?parent=117"}],"curies":[{"name":"wp","href":"https:\/\/api.w.org\/{rel}","templated":true}]}}